{"id":6,"date":"2026-01-06T17:21:52","date_gmt":"2026-01-06T20:21:52","guid":{"rendered":"https:\/\/metodosobreviver.canaleviva.com\/?page_id=6"},"modified":"2026-01-07T09:02:42","modified_gmt":"2026-01-07T12:02:42","slug":"elementor-6","status":"publish","type":"page","link":"https:\/\/metodosobreviver.canaleviva.com\/?page_id=6","title":{"rendered":"vivamelhor"},"content":{"rendered":"\t\t<div data-elementor-type=\"wp-page\" data-elementor-id=\"6\" class=\"elementor elementor-6\">\n\t\t\t\t<div class=\"elementor-element elementor-element-0ed874b e-flex e-con-boxed e-con e-parent\" data-id=\"0ed874b\" data-element_type=\"container\" data-e-type=\"container\">\n\t\t\t\t\t<div class=\"e-con-inner\">\n\t\t\t\t<div class=\"elementor-element elementor-element-f1c8713 elementor-widget elementor-widget-text-editor\" data-id=\"f1c8713\" data-element_type=\"widget\" data-e-type=\"widget\" data-widget_type=\"text-editor.default\">\n\t\t\t\t\t\t\t\t\t<h2><span data-start=\"588\" data-end=\"662\"><b>Se voc\u00ea est\u00e1 vivendo dias dif\u00edceis e sente que est\u00e1 apenas aguentando\u2026<\/b><\/span><\/h2>\n<h6><span style=\"font-weight: normal;\">Este v\u00eddeo n\u00e3o \u00e9 para te motivar.<br>\u00c9 para te dar dire\u00e7\u00e3o.<\/span><\/h6>\t\t\t\t\t\t\t\t<\/div>\n\t\t\t\t\t<\/div>\n\t\t\t\t<\/div>\n\t\t<div class=\"elementor-element elementor-element-6bc713a e-flex e-con-boxed e-con e-parent\" data-id=\"6bc713a\" data-element_type=\"container\" data-e-type=\"container\">\n\t\t\t\t\t<div class=\"e-con-inner\">\n\t\t\t\t<div class=\"elementor-element elementor-element-f7881ec elementor-widget elementor-widget-heading\" data-id=\"f7881ec\" data-element_type=\"widget\" data-e-type=\"widget\" data-widget_type=\"heading.default\">\n\t\t\t\t\t<h5 class=\"elementor-heading-title elementor-size-default\"><b>D\u00ca UM PLAY E ASSISTA O V\u00cdDEO ABAIXO<\/b><\/h5>\t\t\t\t<\/div>\n\t\t\t\t\t<\/div>\n\t\t\t\t<\/div>\n\t\t<div class=\"elementor-element elementor-element-1936c54 e-flex e-con-boxed e-con e-parent\" data-id=\"1936c54\" data-element_type=\"container\" data-e-type=\"container\">\n\t\t\t\t\t<div class=\"e-con-inner\">\n\t\t\t\t<div class=\"elementor-element elementor-element-bc0264e elementor-widget elementor-widget-video\" data-id=\"bc0264e\" data-element_type=\"widget\" data-e-type=\"widget\" data-settings=\"{&quot;video_type&quot;:&quot;vimeo&quot;}\" data-widget_type=\"video.default\">\n\t\t\t\t\t\t\t<div class=\"elementor-wrapper elementor-open-inline\">\n\t\t\t<iframe class=\"elementor-video-iframe\" allowfullscreen allow=\"clipboard-write\" title=\"Reprodutor de v\u00eddeo vimeo\" src=\"https:\/\/player.vimeo.com\/video\/1152004466?color&amp;autopause=0&amp;loop=0&amp;muted=0&amp;title=0&amp;portrait=0&amp;byline=0#t=\"><\/iframe>\t\t<\/div>\n\t\t\t\t\t\t<\/div>\n\t\t\t\t\t<\/div>\n\t\t\t\t<\/div>\n\t\t<div class=\"elementor-element elementor-element-30c98f6 e-flex e-con-boxed e-con e-parent\" data-id=\"30c98f6\" data-element_type=\"container\" data-e-type=\"container\">\n\t\t\t\t\t<div class=\"e-con-inner\">\n\t\t\t\t<div class=\"elementor-element elementor-element-ccc9ff4 elementor-align-center elementor-invisible elementor-widget elementor-widget-button\" data-id=\"ccc9ff4\" data-element_type=\"widget\" data-e-type=\"widget\" data-settings=\"{&quot;_animation&quot;:&quot;fadeIn&quot;,&quot;_animation_delay&quot;:200000}\" data-widget_type=\"button.default\">\n\t\t\t\t\t\t\t\t\t\t<a class=\"elementor-button elementor-button-link elementor-size-sm\" href=\"https:\/\/canaleviva.com\/checkouts\/cn\/hWN7KaOU3O8ugGXU3ikwEIaI\/pt-br?_r=AQAB_YtoMqUOaiqo5ONV84Snya-pClgVrqPgm094ZI3mrAM&#038;preview_theme_id=127620546632\">\n\t\t\t\t\t\t<span class=\"elementor-button-content-wrapper\">\n\t\t\t\t\t\t\t\t\t<span class=\"elementor-button-text\">Quero Sobreviver as Dificuldades e voltar a VIVER!<\/span>\n\t\t\t\t\t<\/span>\n\t\t\t\t\t<\/a>\n\t\t\t\t\t\t\t\t<\/div>\n\t\t\t\t\t<\/div>\n\t\t\t\t<\/div>\n\t\t<div class=\"elementor-element elementor-element-6123cba e-flex e-con-boxed e-con e-parent\" data-id=\"6123cba\" data-element_type=\"container\" data-e-type=\"container\">\n\t\t\t\t\t<div class=\"e-con-inner\">\n\t\t\t\t<div class=\"elementor-element elementor-element-ac835e4 elementor-widget elementor-widget-text-editor\" data-id=\"ac835e4\" data-element_type=\"widget\" data-e-type=\"widget\" data-widget_type=\"text-editor.default\">\n\t\t\t\t\t\t\t\t\t<h4>Todos os Direitos Reservados<\/h4><h4><span style=\"font-size: 18.1693px;\">\u00a9<\/span><span style=\"font-size: 18.1693px; letter-spacing: -0.1px; text-wrap-mode: initial;\">2026\u00a0<\/span><span style=\"font-size: 18.1693px; letter-spacing: -0.1px; text-wrap-mode: initial;\">Canal eVIVA<\/span><\/h4>\t\t\t\t\t\t\t\t<\/div>\n\t\t\t\t\t<\/div>\n\t\t\t\t<\/div>\n\t\t\t\t<\/div>\n\t\t","protected":false},"excerpt":{"rendered":"<p>Se voc\u00ea est\u00e1 vivendo dias dif\u00edceis e sente que est\u00e1 apenas aguentando\u2026 Este v\u00eddeo n\u00e3o \u00e9 para te motivar.\u00c9 para te dar dire\u00e7\u00e3o. D\u00ca UM PLAY E ASSISTA O V\u00cdDEO ABAIXO https:\/\/vimeo.com\/1152004466?fl=tl&#038;fe=ec Quero Sobreviver as Dificuldades e voltar a VIVER! Todos os Direitos Reservados \u00a92026\u00a0Canal eVIVA<\/p>\n","protected":false},"author":1,"featured_media":0,"parent":0,"menu_order":0,"comment_status":"closed","ping_status":"closed","template":"elementor_canvas","meta":{"footnotes":""},"class_list":["post-6","page","type-page","status-publish","hentry"],"_hostinger_reach_plugin_has_subscription_block":false,"_hostinger_reach_plugin_is_elementor":false,"_links":{"self":[{"href":"https:\/\/metodosobreviver.canaleviva.com\/index.php?rest_route=\/wp\/v2\/pages\/6","targetHints":{"allow":["GET"]}}],"collection":[{"href":"https:\/\/metodosobreviver.canaleviva.com\/index.php?rest_route=\/wp\/v2\/pages"}],"about":[{"href":"https:\/\/metodosobreviver.canaleviva.com\/index.php?rest_route=\/wp\/v2\/types\/page"}],"author":[{"embeddable":true,"href":"https:\/\/metodosobreviver.canaleviva.com\/index.php?rest_route=\/wp\/v2\/users\/1"}],"replies":[{"embeddable":true,"href":"https:\/\/metodosobreviver.canaleviva.com\/index.php?rest_route=%2Fwp%2Fv2%2Fcomments&post=6"}],"version-history":[{"count":41,"href":"https:\/\/metodosobreviver.canaleviva.com\/index.php?rest_route=\/wp\/v2\/pages\/6\/revisions"}],"predecessor-version":[{"id":54,"href":"https:\/\/metodosobreviver.canaleviva.com\/index.php?rest_route=\/wp\/v2\/pages\/6\/revisions\/54"}],"wp:attachment":[{"href":"https:\/\/metodosobreviver.canaleviva.com\/index.php?rest_route=%2Fwp%2Fv2%2Fmedia&parent=6"}],"curies":[{"name":"wp","href":"https:\/\/api.w.org\/{rel}","templated":true}]}}